{"id":1426,"date":"2026-04-15T21:26:53","date_gmt":"2026-04-16T00:26:53","guid":{"rendered":"https:\/\/tricomp.com.br\/produtos\/?post_type=product&#038;p=1426"},"modified":"2026-04-15T21:42:15","modified_gmt":"2026-04-16T00:42:15","slug":"conector-excon-serie-2545","status":"publish","type":"product","link":"https:\/\/tricomp.com.br\/produtos\/produto\/conector-excon-serie-2545\/","title":{"rendered":"Conector EXCON S\u00e9rie 2545"},"content":{"rendered":"<h2 data-start=\"423\" data-end=\"663\">Conector EXCON S\u00e9rie 2545<\/h2>\n<h3>Conector EXCON S\u00e9rie 2545: confiabilidade em conex\u00f5es eletr\u00f4nicas<\/h3>\n<p data-start=\"423\" data-end=\"663\">O <strong data-start=\"176\" data-end=\"205\">Conector EXCON S\u00e9rie 2545<\/strong>\u00a0\u00e9 projetado para garantir conex\u00f5es el\u00e9tricas seguras e est\u00e1veis em diversos equipamentos eletr\u00f4nicos. Fabricado com materiais de alta qualidade, ele oferece boa fixa\u00e7\u00e3o dos terminais, facilidade de montagem e excelente durabilidade. Muito utilizado em projetos industriais e eletr\u00f4nicos, esse conector contribui para reduzir falhas de contato e aumentar a confiabilidade dos sistemas.<\/p>\n","protected":false},"excerpt":{"rendered":"<p><strong>Conector EXCON S\u00e9rie 2545 <\/strong>para sistemas eletr\u00f4nicos que exigem precis\u00e3o e durabilidade.<\/p>\n<ul>\n<li>Conector 2 a 12 vias<\/li>\n<li>Passo 2,5mm Modu com polariza\u00e7\u00e3o e trava<\/li>\n<\/ul>\n<p>S\u00e9rie EXCON: 2545<\/p>\n<p><strong>[ <\/strong><a href=\"https:\/\/tricomp.com.br\/produtos\/wp-content\/uploads\/2026\/04\/2545HA-1.pdf\" target=\"_blank\" rel=\"noopener\"><strong>DATASHEET CONECTOR 2545HA EM PDF<\/strong><\/a><strong> ]<\/strong><\/p>\n<p><strong>[ <\/strong><a href=\"https:\/\/tricomp.com.br\/produtos\/wp-content\/uploads\/2026\/04\/2545HF.pdf\" target=\"_blank\" rel=\"noopener\"><strong>DATASHEET CONECTOR 2545HF EM PDF<\/strong><\/a><strong> ]<\/strong><\/p>\n<p><strong>[ <\/strong><a href=\"https:\/\/tricomp.com.br\/produtos\/wp-content\/uploads\/2026\/04\/2545WV.pdf\" target=\"_blank\" rel=\"noopener\"><strong>DATASHEET CONECTOR 2545WV EM PDF<\/strong><\/a><strong> ]<\/strong><\/p>\n<p><strong>[ <a href=\"https:\/\/tricomp.com.br\/produtos\/wp-content\/uploads\/2026\/04\/2545TC.pdf\" target=\"_blank\" rel=\"noopener\">DATASHEET TERMINAL 2545TC EM PDF<\/a> ]<\/strong><\/p>\n","protected":false},"featured_media":1427,"template":"","meta":{"site-sidebar-layout":"default","site-content-layout":"","ast-site-content-layout":"default","site-content-style":"default","site-sidebar-style":"default","ast-global-header-display":"","ast-banner-title-visibility":"","ast-main-header-display":"","ast-hfb-above-header-display":"","ast-hfb-below-header-display":"","ast-hfb-mobile-header-display":"","site-post-title":"","ast-breadcrumbs-content":"","ast-featured-img":"","footer-sml-layout":"","ast-disable-related-posts":"","theme-transparent-header-meta":"default","adv-header-id-meta":"","stick-header-meta":"","header-above-stick-meta":"","header-main-stick-meta":"","header-below-stick-meta":"","astra-migrate-meta-layouts":"set","ast-page-background-enabled":"default","ast-page-background-meta":{"desktop":{"background-color":"var(--ast-global-color-4)","background-image":"","background-repeat":"repeat","background-position":"center center","background-size":"auto","background-attachment":"scroll","background-type":"","background-media":"","overlay-type":"","overlay-color":"","overlay-opacity":"","overlay-gradient":""},"tablet":{"background-color":"","background-image":"","background-repeat":"repeat","background-position":"center center","background-size":"auto","background-attachment":"scroll","background-type":"","background-media":"","overlay-type":"","overlay-color":"","overlay-opacity":"","overlay-gradient":""},"mobile":{"background-color":"","background-image":"","background-repeat":"repeat","background-position":"center center","background-size":"auto","background-attachment":"scroll","background-type":"","background-media":"","overlay-type":"","overlay-color":"","overlay-opacity":"","overlay-gradient":""}},"ast-content-background-meta":{"desktop":{"background-color":"var(--ast-global-color-5)","background-image":"","background-repeat":"repeat","background-position":"center center","background-size":"auto","background-attachment":"scroll","background-type":"","background-media":"","overlay-type":"","overlay-color":"","overlay-opacity":"","overlay-gradient":""},"tablet":{"background-color":"var(--ast-global-color-5)","background-image":"","background-repeat":"repeat","background-position":"center center","background-size":"auto","background-attachment":"scroll","background-type":"","background-media":"","overlay-type":"","overlay-color":"","overlay-opacity":"","overlay-gradient":""},"mobile":{"background-color":"var(--ast-global-color-5)","background-image":"","background-repeat":"repeat","background-position":"center center","background-size":"auto","background-attachment":"scroll","background-type":"","background-media":"","overlay-type":"","overlay-color":"","overlay-opacity":"","overlay-gradient":""}}},"product_brand":[28],"product_cat":[97,17],"product_tag":[98],"class_list":{"0":"post-1426","1":"product","2":"type-product","3":"status-publish","4":"has-post-thumbnail","6":"product_brand-excon","7":"product_cat-serie-2545-excon","8":"product_cat-excon","9":"product_tag-serie-excon-2545","10":"desktop-align-left","11":"tablet-align-left","12":"mobile-align-left","14":"first","15":"onbackorder","16":"shipping-taxable","17":"product-type-simple"},"_links":{"self":[{"href":"https:\/\/tricomp.com.br\/produtos\/wp-json\/wp\/v2\/product\/1426","targetHints":{"allow":["GET"]}}],"collection":[{"href":"https:\/\/tricomp.com.br\/produtos\/wp-json\/wp\/v2\/product"}],"about":[{"href":"https:\/\/tricomp.com.br\/produtos\/wp-json\/wp\/v2\/types\/product"}],"wp:featuredmedia":[{"embeddable":true,"href":"https:\/\/tricomp.com.br\/produtos\/wp-json\/wp\/v2\/media\/1427"}],"wp:attachment":[{"href":"https:\/\/tricomp.com.br\/produtos\/wp-json\/wp\/v2\/media?parent=1426"}],"wp:term":[{"taxonomy":"product_brand","embeddable":true,"href":"https:\/\/tricomp.com.br\/produtos\/wp-json\/wp\/v2\/product_brand?post=1426"},{"taxonomy":"product_cat","embeddable":true,"href":"https:\/\/tricomp.com.br\/produtos\/wp-json\/wp\/v2\/product_cat?post=1426"},{"taxonomy":"product_tag","embeddable":true,"href":"https:\/\/tricomp.com.br\/produtos\/wp-json\/wp\/v2\/product_tag?post=1426"}],"curies":[{"name":"wp","href":"https:\/\/api.w.org\/{rel}","templated":true}]}}